{"id":17,"date":"2025-02-03T09:05:31","date_gmt":"2025-02-03T09:05:31","guid":{"rendered":"https:\/\/fesusnorbert.hu\/?page_id=17"},"modified":"2025-04-22T21:06:43","modified_gmt":"2025-04-22T21:06:43","slug":"elementor-17","status":"publish","type":"page","link":"https:\/\/fesusnorbert.hu\/","title":{"rendered":"F\u0151oldal"},"content":{"rendered":"\t\t<div data-elementor-type=\"wp-page\" data-elementor-id=\"17\" class=\"elementor elementor-17\" data-elementor-post-type=\"page\">\n\t\t\t\t<div class=\"elementor-element elementor-element-01a3f0e e-con-full e-flex e-con e-parent\" data-id=\"01a3f0e\" data-element_type=\"container\" data-settings=\"{&quot;background_background&quot;:&quot;classic&quot;}\">\n\t\t<div class=\"elementor-element elementor-element-12e5e8f e-con-full e-flex e-con e-child\" data-id=\"12e5e8f\" data-element_type=\"container\">\n\t\t\t\t<div class=\"elementor-element elementor-element-a989735 elementor-nav-menu--dropdown-tablet elementor-nav-menu__text-align-aside elementor-nav-menu--toggle elementor-nav-menu--burger elementor-widget elementor-widget-nav-menu\" data-id=\"a989735\" data-element_type=\"widget\" data-settings=\"{&quot;layout&quot;:&quot;horizontal&quot;,&quot;submenu_icon&quot;:{&quot;value&quot;:&quot;&lt;i class=\\&quot;fas fa-caret-down\\&quot;&gt;&lt;\\\/i&gt;&quot;,&quot;library&quot;:&quot;fa-solid&quot;},&quot;toggle&quot;:&quot;burger&quot;}\" data-widget_type=\"nav-menu.default\">\n\t\t\t\t<div class=\"elementor-widget-container\">\n\t\t\t\t\t\t\t\t<nav aria-label=\"Men\u00fc\" class=\"elementor-nav-menu--main elementor-nav-menu__container elementor-nav-menu--layout-horizontal e--pointer-underline e--animation-fade\">\n\t\t\t\t<ul id=\"menu-1-a989735\" class=\"elementor-nav-menu\"><li class=\"menu-item menu-item-type-custom menu-item-object-custom menu-item-41\"><a href=\"#\" class=\"elementor-item elementor-item-anchor\">R\u00f3lam<\/a><\/li>\n<li class=\"menu-item menu-item-type-custom menu-item-object-custom menu-item-42\"><a href=\"#\" class=\"elementor-item elementor-item-anchor\">Velem<\/a><\/li>\n<li class=\"menu-item menu-item-type-custom menu-item-object-custom menu-item-43\"><a href=\"#\" class=\"elementor-item elementor-item-anchor\">Esem\u00e9nyek<\/a><\/li>\n<\/ul>\t\t\t<\/nav>\n\t\t\t\t\t<div class=\"elementor-menu-toggle\" role=\"button\" tabindex=\"0\" aria-label=\"Men\u00fc kapcsol\u00f3\" aria-expanded=\"false\">\n\t\t\t<i aria-hidden=\"true\" role=\"presentation\" class=\"elementor-menu-toggle__icon--open eicon-menu-bar\"><\/i><i aria-hidden=\"true\" role=\"presentation\" class=\"elementor-menu-toggle__icon--close eicon-close\"><\/i>\t\t<\/div>\n\t\t\t\t\t<nav class=\"elementor-nav-menu--dropdown elementor-nav-menu__container\" aria-hidden=\"true\">\n\t\t\t\t<ul id=\"menu-2-a989735\" class=\"elementor-nav-menu\"><li class=\"menu-item menu-item-type-custom menu-item-object-custom menu-item-41\"><a href=\"#\" class=\"elementor-item elementor-item-anchor\" tabindex=\"-1\">R\u00f3lam<\/a><\/li>\n<li class=\"menu-item menu-item-type-custom menu-item-object-custom menu-item-42\"><a href=\"#\" class=\"elementor-item elementor-item-anchor\" tabindex=\"-1\">Velem<\/a><\/li>\n<li class=\"menu-item menu-item-type-custom menu-item-object-custom menu-item-43\"><a href=\"#\" class=\"elementor-item elementor-item-anchor\" tabindex=\"-1\">Esem\u00e9nyek<\/a><\/li>\n<\/ul>\t\t\t<\/nav>\n\t\t\t\t\t\t<\/div>\n\t\t\t\t<\/div>\n\t\t\t\t<div class=\"elementor-element elementor-element-9a89551 elementor-widget elementor-widget-image\" data-id=\"9a89551\" data-element_type=\"widget\" data-widget_type=\"image.default\">\n\t\t\t\t<div class=\"elementor-widget-container\">\n\t\t\t\t\t\t\t\t\t\t\t\t\t\t\t<img fetchpriority=\"high\" decoding=\"async\" width=\"500\" height=\"500\" src=\"https:\/\/fesusnorbert.hu\/wp-content\/uploads\/2025\/04\/imageedit_1_7401596386-removebg-preview.png\" class=\"attachment-full size-full wp-image-93\" alt=\"\" srcset=\"https:\/\/fesusnorbert.hu\/wp-content\/uploads\/2025\/04\/imageedit_1_7401596386-removebg-preview.png 500w, https:\/\/fesusnorbert.hu\/wp-content\/uploads\/2025\/04\/imageedit_1_7401596386-removebg-preview-300x300.png 300w, https:\/\/fesusnorbert.hu\/wp-content\/uploads\/2025\/04\/imageedit_1_7401596386-removebg-preview-150x150.png 150w\" sizes=\"(max-width: 500px) 100vw, 500px\" \/>\t\t\t\t\t\t\t\t\t\t\t\t\t\t\t<\/div>\n\t\t\t\t<\/div>\n\t\t\t\t<div class=\"elementor-element elementor-element-1debd1a elementor-nav-menu--dropdown-none elementor-widget elementor-widget-nav-menu\" data-id=\"1debd1a\" data-element_type=\"widget\" data-settings=\"{&quot;layout&quot;:&quot;horizontal&quot;,&quot;submenu_icon&quot;:{&quot;value&quot;:&quot;&lt;i class=\\&quot;fas fa-caret-down\\&quot;&gt;&lt;\\\/i&gt;&quot;,&quot;library&quot;:&quot;fa-solid&quot;}}\" data-widget_type=\"nav-menu.default\">\n\t\t\t\t<div class=\"elementor-widget-container\">\n\t\t\t\t\t\t\t\t<nav aria-label=\"Men\u00fc\" class=\"elementor-nav-menu--main elementor-nav-menu__container elementor-nav-menu--layout-horizontal e--pointer-underline e--animation-fade\">\n\t\t\t\t<ul id=\"menu-1-1debd1a\" class=\"elementor-nav-menu\"><li class=\"menu-item menu-item-type-custom menu-item-object-custom menu-item-46\"><a href=\"#\" class=\"elementor-item elementor-item-anchor\">Tartalmak<\/a><\/li>\n<li class=\"menu-item menu-item-type-custom menu-item-object-custom menu-item-45\"><a href=\"#\" class=\"elementor-item elementor-item-anchor\">YourLife<\/a><\/li>\n<li class=\"menu-item menu-item-type-custom menu-item-object-custom menu-item-44\"><a href=\"#\" class=\"elementor-item elementor-item-anchor\">OPEX<\/a><\/li>\n<\/ul>\t\t\t<\/nav>\n\t\t\t\t\t\t<nav class=\"elementor-nav-menu--dropdown elementor-nav-menu__container\" aria-hidden=\"true\">\n\t\t\t\t<ul id=\"menu-2-1debd1a\" class=\"elementor-nav-menu\"><li class=\"menu-item menu-item-type-custom menu-item-object-custom menu-item-46\"><a href=\"#\" class=\"elementor-item elementor-item-anchor\" tabindex=\"-1\">Tartalmak<\/a><\/li>\n<li class=\"menu-item menu-item-type-custom menu-item-object-custom menu-item-45\"><a href=\"#\" class=\"elementor-item elementor-item-anchor\" tabindex=\"-1\">YourLife<\/a><\/li>\n<li class=\"menu-item menu-item-type-custom menu-item-object-custom menu-item-44\"><a href=\"#\" class=\"elementor-item elementor-item-anchor\" tabindex=\"-1\">OPEX<\/a><\/li>\n<\/ul>\t\t\t<\/nav>\n\t\t\t\t\t\t<\/div>\n\t\t\t\t<\/div>\n\t\t\t\t<\/div>\n\t\t<div class=\"elementor-element elementor-element-80cc944 e-con-full e-flex e-con e-child\" data-id=\"80cc944\" data-element_type=\"container\" data-settings=\"{&quot;background_background&quot;:&quot;classic&quot;}\">\n\t\t\t\t<div class=\"elementor-element elementor-element-401068b elementor-widget elementor-widget-heading\" data-id=\"401068b\" data-element_type=\"widget\" data-widget_type=\"heading.default\">\n\t\t\t\t<div class=\"elementor-widget-container\">\n\t\t\t\t\t<h2 class=\"elementor-heading-title elementor-size-default\">Ahol most elakadt\u00e1l, onnan csak a <em> tapasztal\u00e1s<\/em> vihet tov\u00e1bb<\/h2>\t\t\t\t<\/div>\n\t\t\t\t<\/div>\n\t\t\t\t<div class=\"elementor-element elementor-element-c8f77e7 elementor-widget elementor-widget-text-editor\" data-id=\"c8f77e7\" data-element_type=\"widget\" data-widget_type=\"text-editor.default\">\n\t\t\t\t<div class=\"elementor-widget-container\">\n\t\t\t\t\t\t\t\t\t<p>M\u00e9g t\u00f6bb inform\u00e1ci\u00f3 megszerz\u00e9se helyett most m\u00e1r ideje f\u00f3kusz\u00e1lnod a saj\u00e1t tapasztal\u00e1saidra. Seg\u00edtek megtal\u00e1lni a saj\u00e1t igazs\u00e1gaidat, hogy v\u00e9gre elmozdulhass a megrekedts\u00e9gedb\u0151l \u00e9s tov\u00e1bbl\u00e9phess. <em>Ez lesz az \u00f6nismereted \u00faj szintje.<\/em><\/p>\t\t\t\t\t\t\t\t<\/div>\n\t\t\t\t<\/div>\n\t\t\t\t<div class=\"elementor-element elementor-element-4c3ed36 elementor-widget elementor-widget-button\" data-id=\"4c3ed36\" data-element_type=\"widget\" data-widget_type=\"button.default\">\n\t\t\t\t<div class=\"elementor-widget-container\">\n\t\t\t\t\t\t\t\t\t<div class=\"elementor-button-wrapper\">\n\t\t\t\t\t<a class=\"elementor-button elementor-button-link elementor-size-sm\" href=\"#\">\n\t\t\t\t\t\t<span class=\"elementor-button-content-wrapper\">\n\t\t\t\t\t\t<span class=\"elementor-button-icon\">\n\t\t\t\t<i aria-hidden=\"true\" class=\"fas fa-long-arrow-alt-right\"><\/i>\t\t\t<\/span>\n\t\t\t\t\t\t\t\t\t<span class=\"elementor-button-text\">kezdd el<\/span>\n\t\t\t\t\t<\/span>\n\t\t\t\t\t<\/a>\n\t\t\t\t<\/div>\n\t\t\t\t\t\t\t\t<\/div>\n\t\t\t\t<\/div>\n\t\t\t\t<\/div>\n\t\t\t\t<\/div>\n\t\t<div class=\"elementor-element elementor-element-ad84b2e e-con-full e-flex e-con e-parent\" data-id=\"ad84b2e\" data-element_type=\"container\" data-settings=\"{&quot;background_background&quot;:&quot;classic&quot;}\">\n\t\t<div class=\"elementor-element elementor-element-cd3233c e-con-full e-flex e-con e-child\" data-id=\"cd3233c\" data-element_type=\"container\">\n\t\t\t\t<div class=\"elementor-element elementor-element-4f777ab elementor-widget elementor-widget-heading\" data-id=\"4f777ab\" data-element_type=\"widget\" data-widget_type=\"heading.default\">\n\t\t\t\t<div class=\"elementor-widget-container\">\n\t\t\t\t\t<h2 class=\"elementor-heading-title elementor-size-default\">Integr\u00e1l szeml\u00e9let<\/h2>\t\t\t\t<\/div>\n\t\t\t\t<\/div>\n\t\t\t\t<div class=\"elementor-element elementor-element-d6a74e2 elementor-widget elementor-widget-text-editor\" data-id=\"d6a74e2\" data-element_type=\"widget\" data-widget_type=\"text-editor.default\">\n\t\t\t\t<div class=\"elementor-widget-container\">\n\t\t\t\t\t\t\t\t\t<p>Lorem ipsum dolor sit amet, consectetur adipiscing elit. Ut elit tellus, luctus nec ullamcorper mattis, pulvinar dapibus leo.<\/p>\t\t\t\t\t\t\t\t<\/div>\n\t\t\t\t<\/div>\n\t\t\t\t<\/div>\n\t\t<div class=\"elementor-element elementor-element-45938aa e-con-full e-flex e-con e-child\" data-id=\"45938aa\" data-element_type=\"container\">\n\t\t\t\t<div class=\"elementor-element elementor-element-68a1e1d elementor-widget elementor-widget-heading\" data-id=\"68a1e1d\" data-element_type=\"widget\" data-widget_type=\"heading.default\">\n\t\t\t\t<div class=\"elementor-widget-container\">\n\t\t\t\t\t<h2 class=\"elementor-heading-title elementor-size-default\">Saj\u00e1t tapasztal\u00e1sok<\/h2>\t\t\t\t<\/div>\n\t\t\t\t<\/div>\n\t\t\t\t<div class=\"elementor-element elementor-element-e5aff19 elementor-widget elementor-widget-text-editor\" data-id=\"e5aff19\" data-element_type=\"widget\" data-widget_type=\"text-editor.default\">\n\t\t\t\t<div class=\"elementor-widget-container\">\n\t\t\t\t\t\t\t\t\t<p>Lorem ipsum dolor sit amet, consectetur adipiscing elit. Ut elit tellus, luctus nec ullamcorper mattis, pulvinar dapibus leo.<\/p>\t\t\t\t\t\t\t\t<\/div>\n\t\t\t\t<\/div>\n\t\t\t\t<\/div>\n\t\t<div class=\"elementor-element elementor-element-4afb2fd e-con-full e-flex e-con e-child\" data-id=\"4afb2fd\" data-element_type=\"container\">\n\t\t\t\t<div class=\"elementor-element elementor-element-94c73f3 elementor-widget elementor-widget-heading\" data-id=\"94c73f3\" data-element_type=\"widget\" data-widget_type=\"heading.default\">\n\t\t\t\t<div class=\"elementor-widget-container\">\n\t\t\t\t\t<h2 class=\"elementor-heading-title elementor-size-default\">Integr\u00e1l szeml\u00e9let<\/h2>\t\t\t\t<\/div>\n\t\t\t\t<\/div>\n\t\t\t\t<div class=\"elementor-element elementor-element-7ab1774 elementor-widget elementor-widget-text-editor\" data-id=\"7ab1774\" data-element_type=\"widget\" data-widget_type=\"text-editor.default\">\n\t\t\t\t<div class=\"elementor-widget-container\">\n\t\t\t\t\t\t\t\t\t<p>Lorem ipsum dolor sit amet, consectetur adipiscing elit. Ut elit tellus, luctus nec ullamcorper mattis, pulvinar dapibus leo.<\/p>\t\t\t\t\t\t\t\t<\/div>\n\t\t\t\t<\/div>\n\t\t\t\t<\/div>\n\t\t\t\t<\/div>\n\t\t<div class=\"elementor-element elementor-element-bbfc94e e-con-full e-flex e-con e-parent\" data-id=\"bbfc94e\" data-element_type=\"container\">\n\t\t\t\t<div class=\"elementor-element elementor-element-47fd428 elementor-widget elementor-widget-heading\" data-id=\"47fd428\" data-element_type=\"widget\" data-widget_type=\"heading.default\">\n\t\t\t\t<div class=\"elementor-widget-container\">\n\t\t\t\t\t<h2 class=\"elementor-heading-title elementor-size-default\">R\u00f3lam<\/h2>\t\t\t\t<\/div>\n\t\t\t\t<\/div>\n\t\t<div class=\"elementor-element elementor-element-2d55987 e-con-full e-flex e-con e-child\" data-id=\"2d55987\" data-element_type=\"container\">\n\t\t\t\t<div class=\"elementor-element elementor-element-8e3a5c5 elementor-widget elementor-widget-image\" data-id=\"8e3a5c5\" data-element_type=\"widget\" data-widget_type=\"image.default\">\n\t\t\t\t<div class=\"elementor-widget-container\">\n\t\t\t\t\t\t\t\t\t\t\t\t\t\t\t<img decoding=\"async\" src=\"https:\/\/fesusnorbert.hu\/wp-content\/plugins\/elementor\/assets\/images\/placeholder.png\" title=\"\" alt=\"\" loading=\"lazy\" \/>\t\t\t\t\t\t\t\t\t\t\t\t\t\t\t<\/div>\n\t\t\t\t<\/div>\n\t\t<div class=\"elementor-element elementor-element-f7e4d49 e-con-full e-flex e-con e-child\" data-id=\"f7e4d49\" data-element_type=\"container\">\n\t\t\t\t<div class=\"elementor-element elementor-element-eee1b66 elementor-widget elementor-widget-heading\" data-id=\"eee1b66\" data-element_type=\"widget\" data-widget_type=\"heading.default\">\n\t\t\t\t<div class=\"elementor-widget-container\">\n\t\t\t\t\t<h2 class=\"elementor-heading-title elementor-size-default\">Add meg itt a c\u00edmsor sz\u00f6veg\u00e9t<\/h2>\t\t\t\t<\/div>\n\t\t\t\t<\/div>\n\t\t\t\t<div class=\"elementor-element elementor-element-8f77a00 elementor-widget elementor-widget-text-editor\" data-id=\"8f77a00\" data-element_type=\"widget\" data-widget_type=\"text-editor.default\">\n\t\t\t\t<div class=\"elementor-widget-container\">\n\t\t\t\t\t\t\t\t\t<p>Lorem ipsum dolor sit amet, consectetur adipiscing elit. Ut elit tellus, luctus nec ullamcorper mattis, pulvinar dapibus leo.<\/p>\t\t\t\t\t\t\t\t<\/div>\n\t\t\t\t<\/div>\n\t\t\t\t<div class=\"elementor-element elementor-element-9c4ad88 elementor-widget elementor-widget-button\" data-id=\"9c4ad88\" data-element_type=\"widget\" data-widget_type=\"button.default\">\n\t\t\t\t<div class=\"elementor-widget-container\">\n\t\t\t\t\t\t\t\t\t<div class=\"elementor-button-wrapper\">\n\t\t\t\t\t<a class=\"elementor-button elementor-button-link elementor-size-sm\" href=\"#\">\n\t\t\t\t\t\t<span class=\"elementor-button-content-wrapper\">\n\t\t\t\t\t\t<span class=\"elementor-button-icon\">\n\t\t\t\t<i aria-hidden=\"true\" class=\"fas fa-long-arrow-alt-right\"><\/i>\t\t\t<\/span>\n\t\t\t\t\t\t\t\t\t<span class=\"elementor-button-text\">kezdd el<\/span>\n\t\t\t\t\t<\/span>\n\t\t\t\t\t<\/a>\n\t\t\t\t<\/div>\n\t\t\t\t\t\t\t\t<\/div>\n\t\t\t\t<\/div>\n\t\t\t\t<\/div>\n\t\t\t\t<\/div>\n\t\t\t\t<\/div>\n\t\t<div class=\"elementor-element elementor-element-7162c0a e-con-full e-flex e-con e-parent\" data-id=\"7162c0a\" data-element_type=\"container\">\n\t\t\t\t<div class=\"elementor-element elementor-element-8b8f79d elementor-widget elementor-widget-heading\" data-id=\"8b8f79d\" data-element_type=\"widget\" data-widget_type=\"heading.default\">\n\t\t\t\t<div class=\"elementor-widget-container\">\n\t\t\t\t\t<h2 class=\"elementor-heading-title elementor-size-default\">K\u00f6vetkez\u0151 esem\u00e9nyek<\/h2>\t\t\t\t<\/div>\n\t\t\t\t<\/div>\n\t\t<div class=\"elementor-element elementor-element-0737e29 e-con-full e-flex e-con e-child\" data-id=\"0737e29\" data-element_type=\"container\">\n\t\t<div class=\"elementor-element elementor-element-ddd616c e-con-full e-flex e-con e-child\" data-id=\"ddd616c\" data-element_type=\"container\">\n\t\t\t\t<\/div>\n\t\t<div class=\"elementor-element elementor-element-4e95756 e-con-full e-flex e-con e-child\" data-id=\"4e95756\" data-element_type=\"container\">\n\t\t\t\t<\/div>\n\t\t<div class=\"elementor-element elementor-element-7e3fc4f e-con-full e-flex e-con e-child\" data-id=\"7e3fc4f\" data-element_type=\"container\">\n\t\t\t\t<\/div>\n\t\t\t\t<\/div>\n\t\t\t\t<\/div>\n\t\t<div class=\"elementor-element elementor-element-469ddb6 e-con-full e-flex e-con e-parent\" data-id=\"469ddb6\" data-element_type=\"container\" data-settings=\"{&quot;background_background&quot;:&quot;classic&quot;}\">\n\t\t\t\t<\/div>\n\t\t\t\t<\/div>\n\t\t","protected":false},"excerpt":{"rendered":"<p>Ahol most elakadt\u00e1l, onnan csak a tapasztal\u00e1s vihet tov\u00e1bb M\u00e9g t\u00f6bb inform\u00e1ci\u00f3 megszerz\u00e9se helyett most m\u00e1r ideje f\u00f3kusz\u00e1lnod a saj\u00e1t tapasztal\u00e1saidra. Seg\u00edtek megtal\u00e1lni a saj\u00e1t igazs\u00e1gaidat, hogy v\u00e9gre elmozdulhass a megrekedts\u00e9gedb\u0151l \u00e9s tov\u00e1bbl\u00e9phess. Ez lesz az \u00f6nismereted \u00faj szintje. kezdd el Integr\u00e1l szeml\u00e9let Lorem ipsum dolor sit amet, consectetur adipiscing elit. Ut elit tellus, luctus [&hellip;]<\/p>\n","protected":false},"author":1,"featured_media":0,"parent":0,"menu_order":0,"comment_status":"closed","ping_status":"closed","template":"elementor_canvas","meta":{"footnotes":""},"class_list":["post-17","page","type-page","status-publish","hentry"],"_links":{"self":[{"href":"https:\/\/fesusnorbert.hu\/index.php\/wp-json\/wp\/v2\/pages\/17","targetHints":{"allow":["GET"]}}],"collection":[{"href":"https:\/\/fesusnorbert.hu\/index.php\/wp-json\/wp\/v2\/pages"}],"about":[{"href":"https:\/\/fesusnorbert.hu\/index.php\/wp-json\/wp\/v2\/types\/page"}],"author":[{"embeddable":true,"href":"https:\/\/fesusnorbert.hu\/index.php\/wp-json\/wp\/v2\/users\/1"}],"replies":[{"embeddable":true,"href":"https:\/\/fesusnorbert.hu\/index.php\/wp-json\/wp\/v2\/comments?post=17"}],"version-history":[{"count":136,"href":"https:\/\/fesusnorbert.hu\/index.php\/wp-json\/wp\/v2\/pages\/17\/revisions"}],"predecessor-version":[{"id":201,"href":"https:\/\/fesusnorbert.hu\/index.php\/wp-json\/wp\/v2\/pages\/17\/revisions\/201"}],"wp:attachment":[{"href":"https:\/\/fesusnorbert.hu\/index.php\/wp-json\/wp\/v2\/media?parent=17"}],"curies":[{"name":"wp","href":"https:\/\/api.w.org\/{rel}","templated":true}]}}